{"id":620,"date":"2021-04-12T20:17:29","date_gmt":"2021-04-13T01:17:29","guid":{"rendered":"https:\/\/imcomunicacioncreativa.com\/santoecologico\/?page_id=620"},"modified":"2021-04-12T20:17:30","modified_gmt":"2021-04-13T01:17:30","slug":"plantacion","status":"publish","type":"page","link":"https:\/\/imcomunicacioncreativa.com\/santoecologico\/plantacion\/","title":{"rendered":"PLANTACI\u00d3N"},"content":{"rendered":"","protected":false},"excerpt":{"rendered":"","protected":false},"author":1,"featured_media":11,"parent":0,"menu_order":0,"comment_status":"closed","ping_status":"closed","template":"","meta":{"_et_pb_use_builder":"","_et_pb_old_content":"","_et_gb_content_width":"","_joinchat":[],"footnotes":""},"class_list":["post-620","page","type-page","status-publish","has-post-thumbnail","hentry"],"yoast_head":"<!-- This site is optimized with the Yoast SEO plugin v24.7 - https:\/\/yoast.com\/wordpress\/plugins\/seo\/ -->\n<title>PLANTACI\u00d3N - Santo Ecol\u00f3gico<\/title>\n<meta name=\"description\" content=\"Saneamiento, silvicultura y manejo de residuos s\u00f3lidos\" \/>\n<meta name=\"robots\" content=\"index, follow, max-snippet:-1, max-image-preview:large, max-video-preview:-1\" \/>\n<link rel=\"canonical\" href=\"https:\/\/imcomunicacioncreativa.com\/santoecologico\/plantacion\/\" \/>\n<meta property=\"og:locale\" content=\"es_ES\" \/>\n<meta property=\"og:type\" content=\"article\" \/>\n<meta property=\"og:title\" content=\"PLANTACI\u00d3N - Santo Ecol\u00f3gico\" \/>\n<meta property=\"og:description\" content=\"Saneamiento, silvicultura y manejo de residuos s\u00f3lidos\" \/>\n<meta property=\"og:url\" content=\"https:\/\/imcomunicacioncreativa.com\/santoecologico\/plantacion\/\" \/>\n<meta property=\"og:site_name\" content=\"Santo Ecol\u00f3gico\" \/>\n<meta property=\"article:modified_time\" content=\"2021-04-13T01:17:30+00:00\" \/>\n<meta property=\"og:image\" content=\"https:\/\/imcomunicacioncreativa.com\/santoecologico\/wp-content\/uploads\/2021\/03\/IMAGEN-DESTACADA.png\" \/>\n\t<meta property=\"og:image:width\" content=\"500\" \/>\n\t<meta property=\"og:image:height\" content=\"500\" \/>\n\t<meta property=\"og:image:type\" content=\"image\/png\" \/>\n<meta name=\"twitter:card\" content=\"summary_large_image\" \/>\n<script type=\"application\/ld+json\" class=\"yoast-schema-graph\">{\"@context\":\"https:\/\/schema.org\",\"@graph\":[{\"@type\":\"WebPage\",\"@id\":\"https:\/\/imcomunicacioncreativa.com\/santoecologico\/plantacion\/\",\"url\":\"https:\/\/imcomunicacioncreativa.com\/santoecologico\/plantacion\/\",\"name\":\"PLANTACI\u00d3N - Santo Ecol\u00f3gico\",\"isPartOf\":{\"@id\":\"https:\/\/imcomunicacioncreativa.com\/santoecologico\/#website\"},\"primaryImageOfPage\":{\"@id\":\"https:\/\/imcomunicacioncreativa.com\/santoecologico\/plantacion\/#primaryimage\"},\"image\":{\"@id\":\"https:\/\/imcomunicacioncreativa.com\/santoecologico\/plantacion\/#primaryimage\"},\"thumbnailUrl\":\"https:\/\/imcomunicacioncreativa.com\/santoecologico\/wp-content\/uploads\/2021\/03\/IMAGEN-DESTACADA.png\",\"datePublished\":\"2021-04-13T01:17:29+00:00\",\"dateModified\":\"2021-04-13T01:17:30+00:00\",\"description\":\"Saneamiento, silvicultura y manejo de residuos s\u00f3lidos\",\"breadcrumb\":{\"@id\":\"https:\/\/imcomunicacioncreativa.com\/santoecologico\/plantacion\/#breadcrumb\"},\"inLanguage\":\"es\",\"potentialAction\":[{\"@type\":\"ReadAction\",\"target\":[\"https:\/\/imcomunicacioncreativa.com\/santoecologico\/plantacion\/\"]}]},{\"@type\":\"ImageObject\",\"inLanguage\":\"es\",\"@id\":\"https:\/\/imcomunicacioncreativa.com\/santoecologico\/plantacion\/#primaryimage\",\"url\":\"https:\/\/imcomunicacioncreativa.com\/santoecologico\/wp-content\/uploads\/2021\/03\/IMAGEN-DESTACADA.png\",\"contentUrl\":\"https:\/\/imcomunicacioncreativa.com\/santoecologico\/wp-content\/uploads\/2021\/03\/IMAGEN-DESTACADA.png\",\"width\":500,\"height\":500,\"caption\":\"L\u00edderes en saneamiento, silvicultura y manejo de residuos\"},{\"@type\":\"BreadcrumbList\",\"@id\":\"https:\/\/imcomunicacioncreativa.com\/santoecologico\/plantacion\/#breadcrumb\",\"itemListElement\":[{\"@type\":\"ListItem\",\"position\":1,\"name\":\"Portada\",\"item\":\"https:\/\/imcomunicacioncreativa.com\/santoecologico\/\"},{\"@type\":\"ListItem\",\"position\":2,\"name\":\"PLANTACI\u00d3N\"}]},{\"@type\":\"WebSite\",\"@id\":\"https:\/\/imcomunicacioncreativa.com\/santoecologico\/#website\",\"url\":\"https:\/\/imcomunicacioncreativa.com\/santoecologico\/\",\"name\":\"Santo Ecol\u00f3gico\",\"description\":\"Saneamiento, silvicultura y manejo de residuos s\u00f3lidos\",\"publisher\":{\"@id\":\"https:\/\/imcomunicacioncreativa.com\/santoecologico\/#organization\"},\"potentialAction\":[{\"@type\":\"SearchAction\",\"target\":{\"@type\":\"EntryPoint\",\"urlTemplate\":\"https:\/\/imcomunicacioncreativa.com\/santoecologico\/?s={search_term_string}\"},\"query-input\":{\"@type\":\"PropertyValueSpecification\",\"valueRequired\":true,\"valueName\":\"search_term_string\"}}],\"inLanguage\":\"es\"},{\"@type\":\"Organization\",\"@id\":\"https:\/\/imcomunicacioncreativa.com\/santoecologico\/#organization\",\"name\":\"SANTO ECOL\u00d3GCO\",\"url\":\"https:\/\/imcomunicacioncreativa.com\/santoecologico\/\",\"logo\":{\"@type\":\"ImageObject\",\"inLanguage\":\"es\",\"@id\":\"https:\/\/imcomunicacioncreativa.com\/santoecologico\/#\/schema\/logo\/image\/\",\"url\":\"https:\/\/imcomunicacioncreativa.com\/santoecologico\/wp-content\/uploads\/2021\/08\/LOGO-PAHGINA-PNG.png\",\"contentUrl\":\"https:\/\/imcomunicacioncreativa.com\/santoecologico\/wp-content\/uploads\/2021\/08\/LOGO-PAHGINA-PNG.png\",\"width\":300,\"height\":164,\"caption\":\"SANTO ECOL\u00d3GCO\"},\"image\":{\"@id\":\"https:\/\/imcomunicacioncreativa.com\/santoecologico\/#\/schema\/logo\/image\/\"}}]}<\/script>\n<!-- \/ Yoast SEO plugin. -->","yoast_head_json":{"title":"PLANTACI\u00d3N - Santo Ecol\u00f3gico","description":"Saneamiento, silvicultura y manejo de residuos s\u00f3lidos","robots":{"index":"index","follow":"follow","max-snippet":"max-snippet:-1","max-image-preview":"max-image-preview:large","max-video-preview":"max-video-preview:-1"},"canonical":"https:\/\/imcomunicacioncreativa.com\/santoecologico\/plantacion\/","og_locale":"es_ES","og_type":"article","og_title":"PLANTACI\u00d3N - Santo Ecol\u00f3gico","og_description":"Saneamiento, silvicultura y manejo de residuos s\u00f3lidos","og_url":"https:\/\/imcomunicacioncreativa.com\/santoecologico\/plantacion\/","og_site_name":"Santo Ecol\u00f3gico","article_modified_time":"2021-04-13T01:17:30+00:00","og_image":[{"width":500,"height":500,"url":"https:\/\/imcomunicacioncreativa.com\/santoecologico\/wp-content\/uploads\/2021\/03\/IMAGEN-DESTACADA.png","type":"image\/png"}],"twitter_card":"summary_large_image","schema":{"@context":"https:\/\/schema.org","@graph":[{"@type":"WebPage","@id":"https:\/\/imcomunicacioncreativa.com\/santoecologico\/plantacion\/","url":"https:\/\/imcomunicacioncreativa.com\/santoecologico\/plantacion\/","name":"PLANTACI\u00d3N - Santo Ecol\u00f3gico","isPartOf":{"@id":"https:\/\/imcomunicacioncreativa.com\/santoecologico\/#website"},"primaryImageOfPage":{"@id":"https:\/\/imcomunicacioncreativa.com\/santoecologico\/plantacion\/#primaryimage"},"image":{"@id":"https:\/\/imcomunicacioncreativa.com\/santoecologico\/plantacion\/#primaryimage"},"thumbnailUrl":"https:\/\/imcomunicacioncreativa.com\/santoecologico\/wp-content\/uploads\/2021\/03\/IMAGEN-DESTACADA.png","datePublished":"2021-04-13T01:17:29+00:00","dateModified":"2021-04-13T01:17:30+00:00","description":"Saneamiento, silvicultura y manejo de residuos s\u00f3lidos","breadcrumb":{"@id":"https:\/\/imcomunicacioncreativa.com\/santoecologico\/plantacion\/#breadcrumb"},"inLanguage":"es","potentialAction":[{"@type":"ReadAction","target":["https:\/\/imcomunicacioncreativa.com\/santoecologico\/plantacion\/"]}]},{"@type":"ImageObject","inLanguage":"es","@id":"https:\/\/imcomunicacioncreativa.com\/santoecologico\/plantacion\/#primaryimage","url":"https:\/\/imcomunicacioncreativa.com\/santoecologico\/wp-content\/uploads\/2021\/03\/IMAGEN-DESTACADA.png","contentUrl":"https:\/\/imcomunicacioncreativa.com\/santoecologico\/wp-content\/uploads\/2021\/03\/IMAGEN-DESTACADA.png","width":500,"height":500,"caption":"L\u00edderes en saneamiento, silvicultura y manejo de residuos"},{"@type":"BreadcrumbList","@id":"https:\/\/imcomunicacioncreativa.com\/santoecologico\/plantacion\/#breadcrumb","itemListElement":[{"@type":"ListItem","position":1,"name":"Portada","item":"https:\/\/imcomunicacioncreativa.com\/santoecologico\/"},{"@type":"ListItem","position":2,"name":"PLANTACI\u00d3N"}]},{"@type":"WebSite","@id":"https:\/\/imcomunicacioncreativa.com\/santoecologico\/#website","url":"https:\/\/imcomunicacioncreativa.com\/santoecologico\/","name":"Santo Ecol\u00f3gico","description":"Saneamiento, silvicultura y manejo de residuos s\u00f3lidos","publisher":{"@id":"https:\/\/imcomunicacioncreativa.com\/santoecologico\/#organization"},"potentialAction":[{"@type":"SearchAction","target":{"@type":"EntryPoint","urlTemplate":"https:\/\/imcomunicacioncreativa.com\/santoecologico\/?s={search_term_string}"},"query-input":{"@type":"PropertyValueSpecification","valueRequired":true,"valueName":"search_term_string"}}],"inLanguage":"es"},{"@type":"Organization","@id":"https:\/\/imcomunicacioncreativa.com\/santoecologico\/#organization","name":"SANTO ECOL\u00d3GCO","url":"https:\/\/imcomunicacioncreativa.com\/santoecologico\/","logo":{"@type":"ImageObject","inLanguage":"es","@id":"https:\/\/imcomunicacioncreativa.com\/santoecologico\/#\/schema\/logo\/image\/","url":"https:\/\/imcomunicacioncreativa.com\/santoecologico\/wp-content\/uploads\/2021\/08\/LOGO-PAHGINA-PNG.png","contentUrl":"https:\/\/imcomunicacioncreativa.com\/santoecologico\/wp-content\/uploads\/2021\/08\/LOGO-PAHGINA-PNG.png","width":300,"height":164,"caption":"SANTO ECOL\u00d3GCO"},"image":{"@id":"https:\/\/imcomunicacioncreativa.com\/santoecologico\/#\/schema\/logo\/image\/"}}]}},"_links":{"self":[{"href":"https:\/\/imcomunicacioncreativa.com\/santoecologico\/wp-json\/wp\/v2\/pages\/620","targetHints":{"allow":["GET"]}}],"collection":[{"href":"https:\/\/imcomunicacioncreativa.com\/santoecologico\/wp-json\/wp\/v2\/pages"}],"about":[{"href":"https:\/\/imcomunicacioncreativa.com\/santoecologico\/wp-json\/wp\/v2\/types\/page"}],"author":[{"embeddable":true,"href":"https:\/\/imcomunicacioncreativa.com\/santoecologico\/wp-json\/wp\/v2\/users\/1"}],"replies":[{"embeddable":true,"href":"https:\/\/imcomunicacioncreativa.com\/santoecologico\/wp-json\/wp\/v2\/comments?post=620"}],"version-history":[{"count":1,"href":"https:\/\/imcomunicacioncreativa.com\/santoecologico\/wp-json\/wp\/v2\/pages\/620\/revisions"}],"predecessor-version":[{"id":621,"href":"https:\/\/imcomunicacioncreativa.com\/santoecologico\/wp-json\/wp\/v2\/pages\/620\/revisions\/621"}],"wp:featuredmedia":[{"embeddable":true,"href":"https:\/\/imcomunicacioncreativa.com\/santoecologico\/wp-json\/wp\/v2\/media\/11"}],"wp:attachment":[{"href":"https:\/\/imcomunicacioncreativa.com\/santoecologico\/wp-json\/wp\/v2\/media?parent=620"}],"curies":[{"name":"wp","href":"https:\/\/api.w.org\/{rel}","templated":true}]}}