{"id":557,"date":"2021-04-12T16:21:48","date_gmt":"2021-04-12T21:21:48","guid":{"rendered":"https:\/\/imcomunicacioncreativa.com\/santoecologico\/?page_id=557"},"modified":"2021-05-19T17:10:21","modified_gmt":"2021-05-19T22:10:21","slug":"talas","status":"publish","type":"page","link":"https:\/\/imcomunicacioncreativa.com\/santoecologico\/talas\/","title":{"rendered":"TALAS"},"content":{"rendered":"<p>[et_pb_section fb_built=\u00bb1&#8243; admin_label=\u00bbHeader\u00bb _builder_version=\u00bb3.24&#8243; z_index=\u00bb10&#8243; overflow-x=\u00bbhidden\u00bb custom_padding=\u00bb|||||\u00bb][et_pb_row column_structure=\u00bb1_2,1_2&#8243; _builder_version=\u00bb3.25&#8243; z_index=\u00bb10&#8243;][et_pb_column type=\u00bb1_2&#8243; _builder_version=\u00bb3.25&#8243; custom_padding=\u00bb|||\u00bb custom_padding__hover=\u00bb|||\u00bb][et_pb_image src=\u00bbhttps:\/\/imcomunicacioncreativa.com\/santoecologico\/wp-content\/uploads\/2021\/04\/sight-seeing-61.jpg\u00bb title_text=\u00bbsight-seeing-61&#8243; _builder_version=\u00bb4.9.4&#8243; _module_preset=\u00bbdefault\u00bb box_shadow_style=\u00bbpreset3&#8243;][\/et_pb_image][\/et_pb_column][et_pb_column type=\u00bb1_2&#8243; _builder_version=\u00bb3.25&#8243; custom_padding=\u00bb|||\u00bb custom_padding__hover=\u00bb|||\u00bb][et_pb_text _builder_version=\u00bb4.9.4&#8243; text_font=\u00bbMontserrat|600|||||||\u00bb text_font_size=\u00bb20px\u00bb text_line_height=\u00bb1.6em\u00bb header_3_font=\u00bbLibre Baskerville||||||||\u00bb header_3_font_size=\u00bb30px\u00bb header_3_line_height=\u00bb1.2em\u00bb background_image=\u00bbhttps:\/\/divimonk.com\/wp-content\/uploads\/2020\/07\/travel-home-bg-1.png\u00bb background_size=\u00bbinitial\u00bb background_position=\u00bbtop_left\u00bb text_orientation=\u00bbjustified\u00bb custom_padding=\u00bb20px|||30px|false|false\u00bb hover_enabled=\u00bb0&#8243; header_3_font_size_tablet=\u00bb\u00bb header_3_font_size_phone=\u00bb38px\u00bb header_3_font_size_last_edited=\u00bbon|phone\u00bb locked=\u00bboff\u00bb sticky_enabled=\u00bb0&#8243;]<\/p>\n<p style=\"letter-spacing: 2px; margin-bottom: -20px;\">SERVICIOS<\/p>\n<h3>Talas T\u00e9cnicas<\/h3>\n<p style=\"font-size: 16px; font-weight: 400;\">Conforme lo establecido en el permiso de tala expedido por la autoridad ambiental, ejecutamos los tratamientos a trav\u00e9s de protocolos y procedimientos que garanticen la seguridad del personal y transe\u00fantes.<\/p>\n<p style=\"font-size: 16px; font-weight: 400;\">[\/et_pb_text][\/et_pb_column][\/et_pb_row][\/et_pb_section][et_pb_section fb_built=\u00bb1&#8243; custom_padding_last_edited=\u00bbon|desktop\u00bb admin_label=\u00bbPromo\u00bb _builder_version=\u00bb3.24&#8243; use_background_color_gradient=\u00bbon\u00bb background_color_gradient_start=\u00bb#242e42&#8243; background_color_gradient_end=\u00bbrgba(255,255,255,0)\u00bb background_color_gradient_start_position=\u00bb29%\u00bb background_color_gradient_overlays_image=\u00bbon\u00bb background_image=\u00bbhttps:\/\/imcomunicacioncreativa.com\/santoecologico\/wp-content\/uploads\/2021\/04\/sight-seeing-50.jpg\u00bb background_position=\u00bbbottom_center\u00bb custom_padding=\u00bb100px|||||\u00bb custom_padding_tablet=\u00bb\u00bb custom_padding_phone=\u00bb40px||\u00bb][et_pb_row _builder_version=\u00bb3.25&#8243; locked=\u00bboff\u00bb][et_pb_column type=\u00bb4_4&#8243; _builder_version=\u00bb3.25&#8243; custom_padding=\u00bb|||\u00bb custom_padding__hover=\u00bb|||\u00bb][et_pb_text _builder_version=\u00bb4.9.4&#8243; text_font=\u00bbLato||||||||\u00bb text_font_size=\u00bb22px\u00bb text_line_height=\u00bb1.8em\u00bb header_font=\u00bb||||||||\u00bb header_2_font=\u00bbPT Serif|700|||||||\u00bb header_2_font_size=\u00bb40px\u00bb header_2_line_height=\u00bb1.2em\u00bb text_orientation=\u00bbcenter\u00bb background_layout=\u00bbdark\u00bb width=\u00bb700px\u00bb width_tablet=\u00bb600px\u00bb width_phone=\u00bb400px\u00bb width_last_edited=\u00bbon|phone\u00bb module_alignment=\u00bbcenter\u00bb custom_margin=\u00bb||15px\u00bb text_font_size_tablet=\u00bb\u00bb text_font_size_phone=\u00bb15px\u00bb text_font_size_last_edited=\u00bbon|desktop\u00bb header_2_font_size_tablet=\u00bb44px\u00bb header_2_font_size_phone=\u00bb28px\u00bb header_2_font_size_last_edited=\u00bbon|phone\u00bb locked=\u00bboff\u00bb]<\/p>\n<h2>Servicios ambientales y forestales<\/h2>\n<p>Contamos con estrategias para implementar fortalecimiento y conservaci\u00f3n de la naturaleza.<\/p>\n<p>[\/et_pb_text][et_pb_button button_text=\u00bbContactenos\u00bb button_alignment=\u00bbcenter\u00bb _builder_version=\u00bb4.9.4&#8243; custom_button=\u00bbon\u00bb button_text_size=\u00bb14px\u00bb button_text_color=\u00bb#FFFFFF\u00bb button_bg_color=\u00bb#62B600&#8243; button_border_width=\u00bb4px\u00bb button_border_color=\u00bb#62B600&#8243; button_border_radius=\u00bb0px\u00bb button_letter_spacing=\u00bb2px\u00bb button_font=\u00bbMontserrat|600||on|||||\u00bb button_icon=\u00bb%%3%%\u00bb button_on_hover=\u00bboff\u00bb custom_margin=\u00bb30px|||30px|false|false\u00bb custom_padding=\u00bb10px|50px|10px|30px|true|false\u00bb locked=\u00bboff\u00bb button_border_color__hover_enabled=\u00bbon|hover\u00bb button_border_color__hover=\u00bb#62B600&#8243; button_bg_color__hover_enabled=\u00bbon|hover\u00bb button_bg_color__hover=\u00bbrgba(0,0,0,0)\u00bb button_bg_enable_color__hover=\u00bbon\u00bb button_text_color__hover_enabled=\u00bbon|hover\u00bb button_text_color__hover=\u00bb#62B600&#8243;][\/et_pb_button][\/et_pb_column][\/et_pb_row][et_pb_row _builder_version=\u00bb3.25&#8243; width=\u00bb100%\u00bb max_width=\u00bbnone\u00bb locked=\u00bboff\u00bb][et_pb_column type=\u00bb4_4&#8243; _builder_version=\u00bb3.25&#8243; custom_padding=\u00bb|||\u00bb custom_padding__hover=\u00bb|||\u00bb][et_pb_image src=\u00bbhttps:\/\/imcomunicacioncreativa.com\/santoecologico\/wp-content\/uploads\/2021\/04\/sight-seeing-49.png\u00bb show_bottom_space=\u00bboff\u00bb force_fullwidth=\u00bbon\u00bb _builder_version=\u00bb3.24&#8243; custom_margin=\u00bb||\u00bb][\/et_pb_image][\/et_pb_column][\/et_pb_row][\/et_pb_section]<\/p>\n","protected":false},"excerpt":{"rendered":"<p>SERVICIOS Talas T\u00e9cnicas Conforme lo establecido en el permiso de tala expedido por la autoridad ambiental, ejecutamos los tratamientos a trav\u00e9s de protocolos y procedimientos que garanticen la seguridad del personal y transe\u00fantes. Servicios ambientales y forestales Contamos con estrategias para implementar fortalecimiento y conservaci\u00f3n de la naturaleza.<\/p>\n","protected":false},"author":1,"featured_media":11,"parent":0,"menu_order":0,"comment_status":"closed","ping_status":"closed","template":"","meta":{"_et_pb_use_builder":"on","_et_pb_old_content":"<!-- wp:divi\/placeholder \/-->","_et_gb_content_width":"","_joinchat":[],"footnotes":""},"class_list":["post-557","page","type-page","status-publish","has-post-thumbnail","hentry"],"yoast_head":"<!-- This site is optimized with the Yoast SEO plugin v24.7 - https:\/\/yoast.com\/wordpress\/plugins\/seo\/ -->\n<title>TALAS - Santo Ecol\u00f3gico<\/title>\n<meta name=\"description\" content=\"Saneamiento, silvicultura y manejo de residuos s\u00f3lidos\" \/>\n<meta name=\"robots\" content=\"index, follow, max-snippet:-1, max-image-preview:large, max-video-preview:-1\" \/>\n<link rel=\"canonical\" href=\"https:\/\/imcomunicacioncreativa.com\/santoecologico\/talas\/\" \/>\n<meta property=\"og:locale\" content=\"es_ES\" \/>\n<meta property=\"og:type\" content=\"article\" \/>\n<meta property=\"og:title\" content=\"TALAS - Santo Ecol\u00f3gico\" \/>\n<meta property=\"og:description\" content=\"Saneamiento, silvicultura y manejo de residuos s\u00f3lidos\" \/>\n<meta property=\"og:url\" content=\"https:\/\/imcomunicacioncreativa.com\/santoecologico\/talas\/\" \/>\n<meta property=\"og:site_name\" content=\"Santo Ecol\u00f3gico\" \/>\n<meta property=\"article:modified_time\" content=\"2021-05-19T22:10:21+00:00\" \/>\n<meta property=\"og:image\" content=\"https:\/\/imcomunicacioncreativa.com\/santoecologico\/wp-content\/uploads\/2021\/03\/IMAGEN-DESTACADA.png\" \/>\n\t<meta property=\"og:image:width\" content=\"500\" \/>\n\t<meta property=\"og:image:height\" content=\"500\" \/>\n\t<meta property=\"og:image:type\" content=\"image\/png\" \/>\n<meta name=\"twitter:card\" content=\"summary_large_image\" \/>\n<script type=\"application\/ld+json\" class=\"yoast-schema-graph\">{\"@context\":\"https:\/\/schema.org\",\"@graph\":[{\"@type\":\"WebPage\",\"@id\":\"https:\/\/imcomunicacioncreativa.com\/santoecologico\/talas\/\",\"url\":\"https:\/\/imcomunicacioncreativa.com\/santoecologico\/talas\/\",\"name\":\"TALAS - Santo Ecol\u00f3gico\",\"isPartOf\":{\"@id\":\"https:\/\/imcomunicacioncreativa.com\/santoecologico\/#website\"},\"primaryImageOfPage\":{\"@id\":\"https:\/\/imcomunicacioncreativa.com\/santoecologico\/talas\/#primaryimage\"},\"image\":{\"@id\":\"https:\/\/imcomunicacioncreativa.com\/santoecologico\/talas\/#primaryimage\"},\"thumbnailUrl\":\"https:\/\/imcomunicacioncreativa.com\/santoecologico\/wp-content\/uploads\/2021\/03\/IMAGEN-DESTACADA.png\",\"datePublished\":\"2021-04-12T21:21:48+00:00\",\"dateModified\":\"2021-05-19T22:10:21+00:00\",\"description\":\"Saneamiento, silvicultura y manejo de residuos s\u00f3lidos\",\"breadcrumb\":{\"@id\":\"https:\/\/imcomunicacioncreativa.com\/santoecologico\/talas\/#breadcrumb\"},\"inLanguage\":\"es\",\"potentialAction\":[{\"@type\":\"ReadAction\",\"target\":[\"https:\/\/imcomunicacioncreativa.com\/santoecologico\/talas\/\"]}]},{\"@type\":\"ImageObject\",\"inLanguage\":\"es\",\"@id\":\"https:\/\/imcomunicacioncreativa.com\/santoecologico\/talas\/#primaryimage\",\"url\":\"https:\/\/imcomunicacioncreativa.com\/santoecologico\/wp-content\/uploads\/2021\/03\/IMAGEN-DESTACADA.png\",\"contentUrl\":\"https:\/\/imcomunicacioncreativa.com\/santoecologico\/wp-content\/uploads\/2021\/03\/IMAGEN-DESTACADA.png\",\"width\":500,\"height\":500,\"caption\":\"L\u00edderes en saneamiento, silvicultura y manejo de residuos\"},{\"@type\":\"BreadcrumbList\",\"@id\":\"https:\/\/imcomunicacioncreativa.com\/santoecologico\/talas\/#breadcrumb\",\"itemListElement\":[{\"@type\":\"ListItem\",\"position\":1,\"name\":\"Portada\",\"item\":\"https:\/\/imcomunicacioncreativa.com\/santoecologico\/\"},{\"@type\":\"ListItem\",\"position\":2,\"name\":\"TALAS\"}]},{\"@type\":\"WebSite\",\"@id\":\"https:\/\/imcomunicacioncreativa.com\/santoecologico\/#website\",\"url\":\"https:\/\/imcomunicacioncreativa.com\/santoecologico\/\",\"name\":\"Santo Ecol\u00f3gico\",\"description\":\"Saneamiento, silvicultura y manejo de residuos s\u00f3lidos\",\"publisher\":{\"@id\":\"https:\/\/imcomunicacioncreativa.com\/santoecologico\/#organization\"},\"potentialAction\":[{\"@type\":\"SearchAction\",\"target\":{\"@type\":\"EntryPoint\",\"urlTemplate\":\"https:\/\/imcomunicacioncreativa.com\/santoecologico\/?s={search_term_string}\"},\"query-input\":{\"@type\":\"PropertyValueSpecification\",\"valueRequired\":true,\"valueName\":\"search_term_string\"}}],\"inLanguage\":\"es\"},{\"@type\":\"Organization\",\"@id\":\"https:\/\/imcomunicacioncreativa.com\/santoecologico\/#organization\",\"name\":\"SANTO ECOL\u00d3GCO\",\"url\":\"https:\/\/imcomunicacioncreativa.com\/santoecologico\/\",\"logo\":{\"@type\":\"ImageObject\",\"inLanguage\":\"es\",\"@id\":\"https:\/\/imcomunicacioncreativa.com\/santoecologico\/#\/schema\/logo\/image\/\",\"url\":\"https:\/\/imcomunicacioncreativa.com\/santoecologico\/wp-content\/uploads\/2021\/08\/LOGO-PAHGINA-PNG.png\",\"contentUrl\":\"https:\/\/imcomunicacioncreativa.com\/santoecologico\/wp-content\/uploads\/2021\/08\/LOGO-PAHGINA-PNG.png\",\"width\":300,\"height\":164,\"caption\":\"SANTO ECOL\u00d3GCO\"},\"image\":{\"@id\":\"https:\/\/imcomunicacioncreativa.com\/santoecologico\/#\/schema\/logo\/image\/\"}}]}<\/script>\n<!-- \/ Yoast SEO plugin. -->","yoast_head_json":{"title":"TALAS - Santo Ecol\u00f3gico","description":"Saneamiento, silvicultura y manejo de residuos s\u00f3lidos","robots":{"index":"index","follow":"follow","max-snippet":"max-snippet:-1","max-image-preview":"max-image-preview:large","max-video-preview":"max-video-preview:-1"},"canonical":"https:\/\/imcomunicacioncreativa.com\/santoecologico\/talas\/","og_locale":"es_ES","og_type":"article","og_title":"TALAS - Santo Ecol\u00f3gico","og_description":"Saneamiento, silvicultura y manejo de residuos s\u00f3lidos","og_url":"https:\/\/imcomunicacioncreativa.com\/santoecologico\/talas\/","og_site_name":"Santo Ecol\u00f3gico","article_modified_time":"2021-05-19T22:10:21+00:00","og_image":[{"width":500,"height":500,"url":"https:\/\/imcomunicacioncreativa.com\/santoecologico\/wp-content\/uploads\/2021\/03\/IMAGEN-DESTACADA.png","type":"image\/png"}],"twitter_card":"summary_large_image","schema":{"@context":"https:\/\/schema.org","@graph":[{"@type":"WebPage","@id":"https:\/\/imcomunicacioncreativa.com\/santoecologico\/talas\/","url":"https:\/\/imcomunicacioncreativa.com\/santoecologico\/talas\/","name":"TALAS - Santo Ecol\u00f3gico","isPartOf":{"@id":"https:\/\/imcomunicacioncreativa.com\/santoecologico\/#website"},"primaryImageOfPage":{"@id":"https:\/\/imcomunicacioncreativa.com\/santoecologico\/talas\/#primaryimage"},"image":{"@id":"https:\/\/imcomunicacioncreativa.com\/santoecologico\/talas\/#primaryimage"},"thumbnailUrl":"https:\/\/imcomunicacioncreativa.com\/santoecologico\/wp-content\/uploads\/2021\/03\/IMAGEN-DESTACADA.png","datePublished":"2021-04-12T21:21:48+00:00","dateModified":"2021-05-19T22:10:21+00:00","description":"Saneamiento, silvicultura y manejo de residuos s\u00f3lidos","breadcrumb":{"@id":"https:\/\/imcomunicacioncreativa.com\/santoecologico\/talas\/#breadcrumb"},"inLanguage":"es","potentialAction":[{"@type":"ReadAction","target":["https:\/\/imcomunicacioncreativa.com\/santoecologico\/talas\/"]}]},{"@type":"ImageObject","inLanguage":"es","@id":"https:\/\/imcomunicacioncreativa.com\/santoecologico\/talas\/#primaryimage","url":"https:\/\/imcomunicacioncreativa.com\/santoecologico\/wp-content\/uploads\/2021\/03\/IMAGEN-DESTACADA.png","contentUrl":"https:\/\/imcomunicacioncreativa.com\/santoecologico\/wp-content\/uploads\/2021\/03\/IMAGEN-DESTACADA.png","width":500,"height":500,"caption":"L\u00edderes en saneamiento, silvicultura y manejo de residuos"},{"@type":"BreadcrumbList","@id":"https:\/\/imcomunicacioncreativa.com\/santoecologico\/talas\/#breadcrumb","itemListElement":[{"@type":"ListItem","position":1,"name":"Portada","item":"https:\/\/imcomunicacioncreativa.com\/santoecologico\/"},{"@type":"ListItem","position":2,"name":"TALAS"}]},{"@type":"WebSite","@id":"https:\/\/imcomunicacioncreativa.com\/santoecologico\/#website","url":"https:\/\/imcomunicacioncreativa.com\/santoecologico\/","name":"Santo Ecol\u00f3gico","description":"Saneamiento, silvicultura y manejo de residuos s\u00f3lidos","publisher":{"@id":"https:\/\/imcomunicacioncreativa.com\/santoecologico\/#organization"},"potentialAction":[{"@type":"SearchAction","target":{"@type":"EntryPoint","urlTemplate":"https:\/\/imcomunicacioncreativa.com\/santoecologico\/?s={search_term_string}"},"query-input":{"@type":"PropertyValueSpecification","valueRequired":true,"valueName":"search_term_string"}}],"inLanguage":"es"},{"@type":"Organization","@id":"https:\/\/imcomunicacioncreativa.com\/santoecologico\/#organization","name":"SANTO ECOL\u00d3GCO","url":"https:\/\/imcomunicacioncreativa.com\/santoecologico\/","logo":{"@type":"ImageObject","inLanguage":"es","@id":"https:\/\/imcomunicacioncreativa.com\/santoecologico\/#\/schema\/logo\/image\/","url":"https:\/\/imcomunicacioncreativa.com\/santoecologico\/wp-content\/uploads\/2021\/08\/LOGO-PAHGINA-PNG.png","contentUrl":"https:\/\/imcomunicacioncreativa.com\/santoecologico\/wp-content\/uploads\/2021\/08\/LOGO-PAHGINA-PNG.png","width":300,"height":164,"caption":"SANTO ECOL\u00d3GCO"},"image":{"@id":"https:\/\/imcomunicacioncreativa.com\/santoecologico\/#\/schema\/logo\/image\/"}}]}},"_links":{"self":[{"href":"https:\/\/imcomunicacioncreativa.com\/santoecologico\/wp-json\/wp\/v2\/pages\/557","targetHints":{"allow":["GET"]}}],"collection":[{"href":"https:\/\/imcomunicacioncreativa.com\/santoecologico\/wp-json\/wp\/v2\/pages"}],"about":[{"href":"https:\/\/imcomunicacioncreativa.com\/santoecologico\/wp-json\/wp\/v2\/types\/page"}],"author":[{"embeddable":true,"href":"https:\/\/imcomunicacioncreativa.com\/santoecologico\/wp-json\/wp\/v2\/users\/1"}],"replies":[{"embeddable":true,"href":"https:\/\/imcomunicacioncreativa.com\/santoecologico\/wp-json\/wp\/v2\/comments?post=557"}],"version-history":[{"count":5,"href":"https:\/\/imcomunicacioncreativa.com\/santoecologico\/wp-json\/wp\/v2\/pages\/557\/revisions"}],"predecessor-version":[{"id":237572,"href":"https:\/\/imcomunicacioncreativa.com\/santoecologico\/wp-json\/wp\/v2\/pages\/557\/revisions\/237572"}],"wp:featuredmedia":[{"embeddable":true,"href":"https:\/\/imcomunicacioncreativa.com\/santoecologico\/wp-json\/wp\/v2\/media\/11"}],"wp:attachment":[{"href":"https:\/\/imcomunicacioncreativa.com\/santoecologico\/wp-json\/wp\/v2\/media?parent=557"}],"curies":[{"name":"wp","href":"https:\/\/api.w.org\/{rel}","templated":true}]}}