{"id":889,"date":"2020-05-21T21:19:53","date_gmt":"2020-05-22T02:19:53","guid":{"rendered":"https:\/\/imcomunicacioncreativa.com\/ecossuma\/?post_type=product&#038;p=889"},"modified":"2020-06-09T18:22:03","modified_gmt":"2020-06-09T23:22:03","slug":"kn-95-termosellado-valvula-2","status":"publish","type":"product","link":"https:\/\/imcomunicacioncreativa.com\/ecossuma\/index.php\/producto\/kn-95-termosellado-valvula-2\/","title":{"rendered":"KN &#8211; 95 Termosellado &#8211; V\u00e1lvula"},"content":{"rendered":"<p>[et_pb_section fb_built=&#8221;1&#8243; _builder_version=&#8221;3.22&#8243; custom_padding=&#8221;0px||||false|false&#8221;][et_pb_row _builder_version=&#8221;3.25&#8243; background_size=&#8221;initial&#8221; background_position=&#8221;top_left&#8221; background_repeat=&#8221;repeat&#8221; width=&#8221;100%&#8221; custom_padding=&#8221;0px||0px||false|false&#8221;][et_pb_column type=&#8221;4_4&#8243; _builder_version=&#8221;3.25&#8243; custom_padding=&#8221;|||&#8221; custom_padding__hover=&#8221;|||&#8221;][et_pb_wc_breadcrumb _builder_version=&#8221;3.0.47&#8243;][\/et_pb_wc_breadcrumb][et_pb_wc_cart_notice _builder_version=&#8221;4.4.6&#8243; hover_enabled=&#8221;0&#8243; background_color=&#8221;#b5ca00&#8243; body_font=&#8221;Saira Extra Condensed||||||||&#8221; body_font_size=&#8221;20px&#8221; custom_button=&#8221;on&#8221; button_text_color=&#8221;#b5ca00&#8243;][\/et_pb_wc_cart_notice][\/et_pb_column][\/et_pb_row][et_pb_row _builder_version=&#8221;3.25&#8243; background_size=&#8221;initial&#8221; background_position=&#8221;top_left&#8221; background_repeat=&#8221;repeat&#8221; width=&#8221;100%&#8221; custom_padding=&#8221;0px||||false|false&#8221; column_structure=&#8221;1_2,1_2&#8243;][et_pb_column type=&#8221;1_2&#8243; _builder_version=&#8221;3.25&#8243; custom_padding=&#8221;|||&#8221; custom_padding__hover=&#8221;|||&#8221;][et_pb_wc_images _builder_version=&#8221;3.0.47&#8243;][\/et_pb_wc_images][\/et_pb_column][et_pb_column type=&#8221;1_2&#8243; _builder_version=&#8221;3.25&#8243; custom_padding=&#8221;|||&#8221; custom_padding__hover=&#8221;|||&#8221;][et_pb_wc_title _builder_version=&#8221;4.4.6&#8243; hover_enabled=&#8221;0&#8243; header_font=&#8221;Saira Extra Condensed||||||||&#8221;][\/et_pb_wc_title][et_pb_wc_rating _builder_version=&#8221;3.0.47&#8243;][\/et_pb_wc_rating][et_pb_wc_price _builder_version=&#8221;4.4.6&#8243; hover_enabled=&#8221;0&#8243; body_font=&#8221;Marvel||||||||&#8221; body_text_color=&#8221;#b5ca00&#8243;][\/et_pb_wc_price][et_pb_wc_description _builder_version=&#8221;4.4.6&#8243; hover_enabled=&#8221;0&#8243; body_font=&#8221;Marvel||||||||&#8221;][\/et_pb_wc_description][et_pb_wc_add_to_cart _builder_version=&#8221;4.4.6&#8243; hover_enabled=&#8221;0&#8243; custom_button=&#8221;on&#8221; button_text_color=&#8221;#b5ca00&#8243; button_font=&#8221;Saira Extra Condensed||||||||&#8221;][\/et_pb_wc_add_to_cart][et_pb_wc_meta _builder_version=&#8221;4.4.6&#8243; hover_enabled=&#8221;0&#8243; body_font=&#8221;Marvel||||||||&#8221; body_text_color=&#8221;#b5ca00&#8243;][\/et_pb_wc_meta][\/et_pb_column][\/et_pb_row][et_pb_row _builder_version=&#8221;3.25&#8243; background_size=&#8221;initial&#8221; background_position=&#8221;top_left&#8221; background_repeat=&#8221;repeat&#8221; width=&#8221;100%&#8221;][et_pb_column type=&#8221;4_4&#8243; _builder_version=&#8221;3.25&#8243; custom_padding=&#8221;|||&#8221; custom_padding__hover=&#8221;|||&#8221;][et_pb_wc_tabs _builder_version=&#8221;4.4.6&#8243; hover_enabled=&#8221;0&#8243; tab_font=&#8221;Saira Extra Condensed||||||||&#8221; tab_font_size=&#8221;20px&#8221; body_font=&#8221;Marvel||||||||&#8221; body_font_size=&#8221;20px&#8221;]\t\t\t\t\t[\/et_pb_wc_tabs][et_pb_wc_upsells _builder_version=&#8221;3.0.47&#8243;][\/et_pb_wc_upsells][et_pb_wc_related_products _builder_version=&#8221;4.4.6&#8243; hover_enabled=&#8221;0&#8243; title_font=&#8221;Saira Extra Condensed||||||||&#8221; title_font_size=&#8221;30px&#8221; title_text_color=&#8221;#007f00&#8243; product_title_font=&#8221;Marvel||||||||&#8221; product_title_font_size=&#8221;20px&#8221; product_title_text_color=&#8221;#b5ca00&#8243; product_title_text_align=&#8221;center&#8221; price_font=&#8221;Marvel||||||||&#8221; price_text_align=&#8221;center&#8221; price_font_size=&#8221;16px&#8221; price_text_color=&#8221;#b5ca00&#8243;][\/et_pb_wc_related_products][\/et_pb_column][\/et_pb_row][\/et_pb_section]<\/p>\n","protected":false},"excerpt":{"rendered":"<p><strong>KN &#8211; 95 TERMOSELLADO &#8211; V\u00c1LVULA<\/strong><\/p>\n","protected":false},"featured_media":890,"comment_status":"open","ping_status":"closed","template":"","meta":{"_et_pb_use_builder":"on","_et_pb_old_content":"<strong>Ref. KN-95 TERMOSELLADO - V\u00c1LVULA<\/strong>\r\n\r\n<strong>Generalidades:<\/strong>\r\n- Pieza facial que protege las entradas de las v\u00edas respiratorias. Termosellado con v\u00e1lvula\r\n- Libre de mantenimiento, una vez deteriorada no se debe reutilizar.\r\n- La mascarilla filtra el 95% de las part\u00edculas del aires.\r\n\r\n<strong>Caracter\u00edsticas:<\/strong>\r\n- Elaborado en material antifluido, contiene 170grs.\r\n- Contiene filtro de 30grs. y v\u00e1lvula\r\n- Bandas el\u00e1sticas en material elastom\u00e9rico hipoal\u00e9rgico.\r\n- Recomendado usar en algunos procesos de industrias de alimentos, farmac\u00e9utica, qu\u00edmica, manufactura, etc.\r\nEn general para usarse en ambientes molestos con polvos e concentraciones menores a los TLV.\r\n- No produce dermatitis, ni alergias ni enfermedades de la piel.\r\n\r\n<strong>Instrucciones para el cuidado:<\/strong>\r\n- Debe reemplazarse cuando sienta olor o dificultad para respirar\r\n\r\n<strong>Empaque:<\/strong>\r\n- Caja x 50 Und.\r\n\r\n&nbsp;\r\n\r\n&nbsp;\r\n<h3><\/h3>\r\n&nbsp;\r\n\r\n&nbsp;\r\n\r\n&nbsp;\r\n\r\n&nbsp;\r\n\r\n<img class=\"wp-image-287 alignright\" src=\"https:\/\/imcomunicacioncreativa.com\/ecossuma\/wp-content\/uploads\/2020\/04\/LOGO-PNG2.png\" alt=\"\" width=\"247\" height=\"61\" \/>\r\n\r\n&nbsp;","_et_gb_content_width":""},"class_list":{"0":"post-889","1":"product","2":"type-product","3":"status-publish","4":"has-post-thumbnail","6":"product_cat-productos-covid-19","7":"product_cat-tapabocas","9":"first","10":"instock","11":"shipping-taxable","12":"purchasable","13":"product-type-simple"},"yoast_head":"<!-- This site is optimized with the Yoast SEO plugin v14.2 - https:\/\/yoast.com\/wordpress\/plugins\/seo\/ -->\n<title>KN - 95 Termosellado - V\u00e1lvula - ECOSUMMA<\/title>\n<meta name=\"robots\" content=\"index, follow\" \/>\n<meta name=\"googlebot\" content=\"index, follow, max-snippet:-1, max-image-preview:large, max-video-preview:-1\" \/>\n<meta name=\"bingbot\" content=\"index, follow, max-snippet:-1, max-image-preview:large, max-video-preview:-1\" \/>\n<link rel=\"canonical\" href=\"https:\/\/imcomunicacioncreativa.com\/ecossuma\/index.php\/producto\/kn-95-termosellado-valvula-2\/\" \/>\n<meta property=\"og:locale\" content=\"es_ES\" \/>\n<meta property=\"og:type\" content=\"article\" \/>\n<meta property=\"og:title\" content=\"KN - 95 Termosellado - V\u00e1lvula - ECOSUMMA\" \/>\n<meta property=\"og:description\" content=\"KN - 95 TERMOSELLADO - V\u00c1LVULA\" \/>\n<meta property=\"og:url\" content=\"https:\/\/imcomunicacioncreativa.com\/ecossuma\/index.php\/producto\/kn-95-termosellado-valvula-2\/\" \/>\n<meta property=\"og:site_name\" content=\"ECOSUMMA\" \/>\n<meta property=\"article:modified_time\" content=\"2020-06-09T23:22:03+00:00\" \/>\n<meta property=\"og:image\" content=\"https:\/\/imcomunicacioncreativa.com\/ecossuma\/wp-content\/uploads\/2020\/05\/1-3.jpg\" \/>\n\t<meta property=\"og:image:width\" content=\"567\" \/>\n\t<meta property=\"og:image:height\" content=\"567\" \/>\n<meta name=\"twitter:card\" content=\"summary_large_image\" \/>\n<script type=\"application\/ld+json\" class=\"yoast-schema-graph\">{\"@context\":\"https:\/\/schema.org\",\"@graph\":[{\"@type\":\"WebSite\",\"@id\":\"https:\/\/imcomunicacioncreativa.com\/ecossuma\/#website\",\"url\":\"https:\/\/imcomunicacioncreativa.com\/ecossuma\/\",\"name\":\"ECOSUMMA\",\"description\":\"Suministros Masivos Ecol\\u00f3gicos\",\"potentialAction\":[{\"@type\":\"SearchAction\",\"target\":\"https:\/\/imcomunicacioncreativa.com\/ecossuma\/?s={search_term_string}\",\"query-input\":\"required name=search_term_string\"}],\"inLanguage\":\"es\"},{\"@type\":\"ImageObject\",\"@id\":\"https:\/\/imcomunicacioncreativa.com\/ecossuma\/index.php\/producto\/kn-95-termosellado-valvula-2\/#primaryimage\",\"inLanguage\":\"es\",\"url\":\"https:\/\/imcomunicacioncreativa.com\/ecossuma\/wp-content\/uploads\/2020\/05\/1-3.jpg\",\"width\":567,\"height\":567},{\"@type\":\"WebPage\",\"@id\":\"https:\/\/imcomunicacioncreativa.com\/ecossuma\/index.php\/producto\/kn-95-termosellado-valvula-2\/#webpage\",\"url\":\"https:\/\/imcomunicacioncreativa.com\/ecossuma\/index.php\/producto\/kn-95-termosellado-valvula-2\/\",\"name\":\"KN - 95 Termosellado - V\\u00e1lvula - ECOSUMMA\",\"isPartOf\":{\"@id\":\"https:\/\/imcomunicacioncreativa.com\/ecossuma\/#website\"},\"primaryImageOfPage\":{\"@id\":\"https:\/\/imcomunicacioncreativa.com\/ecossuma\/index.php\/producto\/kn-95-termosellado-valvula-2\/#primaryimage\"},\"datePublished\":\"2020-05-22T02:19:53+00:00\",\"dateModified\":\"2020-06-09T23:22:03+00:00\",\"inLanguage\":\"es\",\"potentialAction\":[{\"@type\":\"ReadAction\",\"target\":[\"https:\/\/imcomunicacioncreativa.com\/ecossuma\/index.php\/producto\/kn-95-termosellado-valvula-2\/\"]}]}]}<\/script>\n<!-- \/ Yoast SEO plugin. -->","_links":{"self":[{"href":"https:\/\/imcomunicacioncreativa.com\/ecossuma\/index.php\/wp-json\/wp\/v2\/product\/889","targetHints":{"allow":["GET"]}}],"collection":[{"href":"https:\/\/imcomunicacioncreativa.com\/ecossuma\/index.php\/wp-json\/wp\/v2\/product"}],"about":[{"href":"https:\/\/imcomunicacioncreativa.com\/ecossuma\/index.php\/wp-json\/wp\/v2\/types\/product"}],"replies":[{"embeddable":true,"href":"https:\/\/imcomunicacioncreativa.com\/ecossuma\/index.php\/wp-json\/wp\/v2\/comments?post=889"}],"wp:featuredmedia":[{"embeddable":true,"href":"https:\/\/imcomunicacioncreativa.com\/ecossuma\/index.php\/wp-json\/wp\/v2\/media\/890"}],"wp:attachment":[{"href":"https:\/\/imcomunicacioncreativa.com\/ecossuma\/index.php\/wp-json\/wp\/v2\/media?parent=889"}],"curies":[{"name":"wp","href":"https:\/\/api.w.org\/{rel}","templated":true}]}}